{"id":385,"date":"2025-08-25T02:10:20","date_gmt":"2025-08-25T00:10:20","guid":{"rendered":"https:\/\/rosmerrental.com\/?page_id=385"},"modified":"2025-09-30T14:57:05","modified_gmt":"2025-09-30T12:57:05","slug":"7-pisos-a-cerdanya","status":"publish","type":"page","link":"https:\/\/rosmerrental.com\/es\/sobre-nosaltres\/7-pisos-a-cerdanya\/","title":{"rendered":"7 pisos a Cerdanya"},"content":{"rendered":"<div data-elementor-type=\"wp-page\" data-elementor-id=\"385\" class=\"elementor elementor-385\" data-elementor-post-type=\"page\">\n\t\t\t\t<div class=\"elementor-element elementor-element-e8625ee e-flex e-con-boxed e-con e-parent\" data-id=\"e8625ee\" data-element_type=\"container\" data-settings=\"{&quot;background_background&quot;:&quot;classic&quot;}\">\n\t\t\t\t\t<div class=\"e-con-inner\">\n\t\t\t\t<div class=\"elementor-element elementor-element-4a6cc09 elementor-widget__width-inherit elementor-invisible elementor-widget elementor-widget-heading\" data-id=\"4a6cc09\" data-element_type=\"widget\" data-settings=\"{&quot;_animation&quot;:&quot;fadeIn&quot;}\" data-widget_type=\"heading.default\">\n\t\t\t\t<div class=\"elementor-widget-container\">\n\t\t\t\t\t<h1 class=\"elementor-heading-title elementor-size-default\">7 pisos a Cerdanya<\/h1>\t\t\t\t<\/div>\n\t\t\t\t<\/div>\n\t\t\t\t<div class=\"elementor-element elementor-element-b714bc2 elementor-icon-list--layout-inline elementor-widget__width-auto elementor-list-item-link-full_width elementor-invisible elementor-widget elementor-widget-icon-list\" data-id=\"b714bc2\" data-element_type=\"widget\" data-settings=\"{&quot;_animation&quot;:&quot;fadeInUp&quot;}\" data-widget_type=\"icon-list.default\">\n\t\t\t\t<div class=\"elementor-widget-container\">\n\t\t\t\t\t\t\t<ul class=\"elementor-icon-list-items elementor-inline-items\">\n\t\t\t\t\t\t\t<li class=\"elementor-icon-list-item elementor-inline-item\">\n\t\t\t\t\t\t\t\t\t\t\t<a href=\"https:\/\/rosmerrental.com\/es\/\">\n\n\t\t\t\t\t\t\t\t\t\t\t<span class=\"elementor-icon-list-text\">Inicio<\/span>\n\t\t\t\t\t\t\t\t\t\t\t<\/a>\n\t\t\t\t\t\t\t\t\t<\/li>\n\t\t\t\t\t\t\t\t<li class=\"elementor-icon-list-item elementor-inline-item\">\n\t\t\t\t\t\t\t\t\t\t\t<a href=\"https:\/\/rosmerrental.com\/es\/sobre-nosaltres\/7-pisos-a-cerdanya\/\">\n\n\t\t\t\t\t\t\t\t\t\t\t\t<span class=\"elementor-icon-list-icon\">\n\t\t\t\t\t\t\t<svg aria-hidden=\"true\" class=\"e-font-icon-svg e-fas-angle-right\" viewbox=\"0 0 256 512\" xmlns=\"http:\/\/www.w3.org\/2000\/svg\"><path d=\"M224.3 273l-136 136c-9.4 9.4-24.6 9.4-33.9 0l-22.6-22.6c-9.4-9.4-9.4-24.6 0-33.9l96.4-96.4-96.4-96.4c-9.4-9.4-9.4-24.6 0-33.9L54.3 103c9.4-9.4 24.6-9.4 33.9 0l136 136c9.5 9.4 9.5 24.6.1 34z\"><\/path><\/svg>\t\t\t\t\t\t<\/span>\n\t\t\t\t\t\t\t\t\t\t<span class=\"elementor-icon-list-text\"><\/span>\n\t\t\t\t\t\t\t\t\t\t\t<\/a>\n\t\t\t\t\t\t\t\t\t<\/li>\n\t\t\t\t\t\t<\/ul>\n\t\t\t\t\t\t<\/div>\n\t\t\t\t<\/div>\n\t\t\t\t\t<\/div>\n\t\t\t\t<\/div>\n\t\t<div class=\"elementor-element elementor-element-3485d16 e-flex e-con-boxed e-con e-parent\" data-id=\"3485d16\" data-element_type=\"container\">\n\t\t\t\t\t<div class=\"e-con-inner\">\n\t\t<div class=\"elementor-element elementor-element-22cdbec e-con-full e-flex e-con e-child\" data-id=\"22cdbec\" data-element_type=\"container\">\n\t\t\t\t<div class=\"elementor-element elementor-element-5305208 elementor-invisible elementor-widget elementor-widget-heading\" data-id=\"5305208\" data-element_type=\"widget\" data-settings=\"{&quot;_animation&quot;:&quot;fadeIn&quot;}\" data-widget_type=\"heading.default\">\n\t\t\t\t<div class=\"elementor-widget-container\">\n\t\t\t\t\t<h2 class=\"elementor-heading-title elementor-size-default\"> Lloguer d\u2019apartaments a la Cerdanya, la teva escapada perfecta\n<\/h2>\t\t\t\t<\/div>\n\t\t\t\t<\/div>\n\t\t\t\t<div class=\"elementor-element elementor-element-b9fddb9 elementor-widget__width-initial elementor-invisible elementor-widget elementor-widget-text-editor\" data-id=\"b9fddb9\" data-element_type=\"widget\" data-settings=\"{&quot;_animation&quot;:&quot;fadeIn&quot;}\" data-widget_type=\"text-editor.default\">\n\t\t\t\t<div class=\"elementor-widget-container\">\n\t\t\t\t\t\t\t\t\t<p>A ROSMER RENTAL oferim 7 apartaments moderns i totalment equipats al cor de la comarca de la Cerdanya. Aquest dest\u00ed \u00e9s ideal per a qui busca desconnexi\u00f3 i l\u2019oportunitat de viure la natura del Pirineu catal\u00e0, sense renunciar a la comoditat d\u2019una llar ben preparada.<\/p>\t\t\t\t\t\t\t\t<\/div>\n\t\t\t\t<\/div>\n\t\t\t\t<\/div>\n\t\t<div class=\"elementor-element elementor-element-ffe69e2 e-con-full e-flex elementor-invisible e-con e-child\" data-id=\"ffe69e2\" data-element_type=\"container\" data-settings=\"{&quot;background_background&quot;:&quot;classic&quot;,&quot;animation&quot;:&quot;fadeInRight&quot;}\">\n\t\t\t\t<\/div>\n\t\t\t\t\t<\/div>\n\t\t\t\t<\/div>\n\t\t<div class=\"elementor-element elementor-element-7848f1e e-flex e-con-boxed e-con e-parent\" data-id=\"7848f1e\" data-element_type=\"container\" data-settings=\"{&quot;background_background&quot;:&quot;classic&quot;}\">\n\t\t\t\t\t<div class=\"e-con-inner\">\n\t\t\t\t<div class=\"elementor-element elementor-element-0c8feaa elementor-invisible elementor-widget elementor-widget-heading\" data-id=\"0c8feaa\" data-element_type=\"widget\" data-settings=\"{&quot;_animation&quot;:&quot;fadeIn&quot;}\" data-widget_type=\"heading.default\">\n\t\t\t\t<div class=\"elementor-widget-container\">\n\t\t\t\t\t<h2 class=\"elementor-heading-title elementor-size-default\">Avantatges de triar la Cerdanya per la teva estada temporal\n\n<\/h2>\t\t\t\t<\/div>\n\t\t\t\t<\/div>\n\t\t\t\t<div class=\"elementor-element elementor-element-802909e elementor-widget__width-initial elementor-widget-mobile__width-inherit elementor-invisible elementor-widget elementor-widget-text-editor\" data-id=\"802909e\" data-element_type=\"widget\" data-settings=\"{&quot;_animation&quot;:&quot;fadeIn&quot;}\" data-widget_type=\"text-editor.default\">\n\t\t\t\t<div class=\"elementor-widget-container\">\n\t\t\t\t\t\t\t\t\t<p>Els nostres lloguers a la Cerdanya s\u00f3n aptes tant per vacances familiars de curta durada com per estades m\u00e9s llargues, per motius professionals, teletreball o projectes personals. Cada apartament est\u00e0 seleccionat i mantingut curosament per oferir el m\u00e0xim confort en qualsevol \u00e8poca de l\u2019any. La ubicaci\u00f3 estrat\u00e8gica permet gaudir d\u2019activitats a l\u2019aire lliure: esqu\u00ed, senderisme, ciclisme, gastronomia local i relax.<\/p><p>Sabem com \u00e9s d\u2019important comptar amb una vivenda agradable on sentir-se com a casa. Per aix\u00f2 acompanyem cada client de forma personalitzada, des del primer contacte fins a l\u2019entrega de claus.<\/p>\t\t\t\t\t\t\t\t<\/div>\n\t\t\t\t<\/div>\n\t\t\t\t<div class=\"elementor-element elementor-element-7b5c39e elementor-invisible elementor-widget elementor-widget-button\" data-id=\"7b5c39e\" data-element_type=\"widget\" data-settings=\"{&quot;_animation&quot;:&quot;fadeInUp&quot;}\" data-widget_type=\"button.default\">\n\t\t\t\t<div class=\"elementor-widget-container\">\n\t\t\t\t\t\t\t\t\t<div class=\"elementor-button-wrapper\">\n\t\t\t\t\t<a class=\"elementor-button elementor-button-link elementor-size-sm elementor-animation-float\" href=\"https:\/\/rosmerrental.com\/es\/contacte\/\">\n\t\t\t\t\t\t<span class=\"elementor-button-content-wrapper\">\n\t\t\t\t\t\t\t\t\t<span class=\"elementor-button-text\">Contacta\u2019ns<\/span>\n\t\t\t\t\t<\/span>\n\t\t\t\t\t<\/a>\n\t\t\t\t<\/div>\n\t\t\t\t\t\t\t\t<\/div>\n\t\t\t\t<\/div>\n\t\t\t\t\t<\/div>\n\t\t\t\t<\/div>\n\t\t\t\t<\/div>","protected":false},"excerpt":{"rendered":"<p>Inici Lloguer d\u2019apartaments a la Cerdanya, la teva escapada perfecta A ROSMER RENTAL oferim 7 apartaments moderns i totalment equipats al cor de la comarca de la Cerdanya. Aquest dest\u00ed \u00e9s ideal per a qui busca desconnexi\u00f3 i l\u2019oportunitat de viure la natura del Pirineu catal\u00e0, sense renunciar a la comoditat d\u2019una llar ben preparada. [&hellip;]<\/p>","protected":false},"author":1,"featured_media":0,"parent":375,"menu_order":0,"comment_status":"closed","ping_status":"closed","template":"","meta":{"footnotes":""},"class_list":["post-385","page","type-page","status-publish","hentry"],"yoast_head":"<!-- This site is optimized with the Yoast SEO plugin v26.3 - https:\/\/yoast.com\/wordpress\/plugins\/seo\/ -->\n<title>7 pisos a Cerdanya - ROSMER RENTAL<\/title>\n<meta name=\"robots\" content=\"index, follow, max-snippet:-1, max-image-preview:large, max-video-preview:-1\" \/>\n<link rel=\"canonical\" href=\"https:\/\/rosmerrental.com\/es\/sobre-nosaltres\/7-pisos-a-cerdanya\/\" \/>\n<meta property=\"og:locale\" content=\"es_ES\" \/>\n<meta property=\"og:type\" content=\"article\" \/>\n<meta property=\"og:title\" content=\"7 pisos a Cerdanya - ROSMER RENTAL\" \/>\n<meta property=\"og:description\" content=\"Inici Lloguer d\u2019apartaments a la Cerdanya, la teva escapada perfecta A ROSMER RENTAL oferim 7 apartaments moderns i totalment equipats al cor de la comarca de la Cerdanya. Aquest dest\u00ed \u00e9s ideal per a qui busca desconnexi\u00f3 i l\u2019oportunitat de viure la natura del Pirineu catal\u00e0, sense renunciar a la comoditat d\u2019una llar ben preparada. [&hellip;]\" \/>\n<meta property=\"og:url\" content=\"https:\/\/rosmerrental.com\/es\/sobre-nosaltres\/7-pisos-a-cerdanya\/\" \/>\n<meta property=\"og:site_name\" content=\"ROSMER RENTAL\" \/>\n<meta property=\"article:modified_time\" content=\"2025-09-30T12:57:05+00:00\" \/>\n<meta name=\"twitter:card\" content=\"summary_large_image\" \/>\n<meta name=\"twitter:label1\" content=\"Tiempo de lectura\" \/>\n\t<meta name=\"twitter:data1\" content=\"1 minuto\" \/>\n<script type=\"application\/ld+json\" class=\"yoast-schema-graph\">{\"@context\":\"https:\/\/schema.org\",\"@graph\":[{\"@type\":\"WebPage\",\"@id\":\"https:\/\/rosmerrental.com\/sobre-nosaltres\/7-pisos-a-cerdanya\/\",\"url\":\"https:\/\/rosmerrental.com\/sobre-nosaltres\/7-pisos-a-cerdanya\/\",\"name\":\"7 pisos a Cerdanya - ROSMER RENTAL\",\"isPartOf\":{\"@id\":\"https:\/\/rosmerrental.com\/#website\"},\"datePublished\":\"2025-08-25T00:10:20+00:00\",\"dateModified\":\"2025-09-30T12:57:05+00:00\",\"breadcrumb\":{\"@id\":\"https:\/\/rosmerrental.com\/sobre-nosaltres\/7-pisos-a-cerdanya\/#breadcrumb\"},\"inLanguage\":\"es\",\"potentialAction\":[{\"@type\":\"ReadAction\",\"target\":[\"https:\/\/rosmerrental.com\/sobre-nosaltres\/7-pisos-a-cerdanya\/\"]}]},{\"@type\":\"BreadcrumbList\",\"@id\":\"https:\/\/rosmerrental.com\/sobre-nosaltres\/7-pisos-a-cerdanya\/#breadcrumb\",\"itemListElement\":[{\"@type\":\"ListItem\",\"position\":1,\"name\":\"Portada\",\"item\":\"https:\/\/rosmerrental.com\/\"},{\"@type\":\"ListItem\",\"position\":2,\"name\":\"Sobre nosaltres\",\"item\":\"https:\/\/rosmerrental.com\/sobre-nosaltres\/\"},{\"@type\":\"ListItem\",\"position\":3,\"name\":\"7 pisos a Cerdanya\"}]},{\"@type\":\"WebSite\",\"@id\":\"https:\/\/rosmerrental.com\/#website\",\"url\":\"https:\/\/rosmerrental.com\/\",\"name\":\"ROSMER RENTAL\",\"description\":\"Lloguer d\u2019apartaments a Barcelona i la Cerdanya amb ROSMER RENTAL\",\"potentialAction\":[{\"@type\":\"SearchAction\",\"target\":{\"@type\":\"EntryPoint\",\"urlTemplate\":\"https:\/\/rosmerrental.com\/?s={search_term_string}\"},\"query-input\":{\"@type\":\"PropertyValueSpecification\",\"valueRequired\":true,\"valueName\":\"search_term_string\"}}],\"inLanguage\":\"es\"}]}<\/script>\n<!-- \/ Yoast SEO plugin. -->","yoast_head_json":{"title":"7 pisos a Cerdanya - ROSMER RENTAL","robots":{"index":"index","follow":"follow","max-snippet":"max-snippet:-1","max-image-preview":"max-image-preview:large","max-video-preview":"max-video-preview:-1"},"canonical":"https:\/\/rosmerrental.com\/es\/sobre-nosaltres\/7-pisos-a-cerdanya\/","og_locale":"es_ES","og_type":"article","og_title":"7 pisos a Cerdanya - ROSMER RENTAL","og_description":"Inici Lloguer d\u2019apartaments a la Cerdanya, la teva escapada perfecta A ROSMER RENTAL oferim 7 apartaments moderns i totalment equipats al cor de la comarca de la Cerdanya. Aquest dest\u00ed \u00e9s ideal per a qui busca desconnexi\u00f3 i l\u2019oportunitat de viure la natura del Pirineu catal\u00e0, sense renunciar a la comoditat d\u2019una llar ben preparada. [&hellip;]","og_url":"https:\/\/rosmerrental.com\/es\/sobre-nosaltres\/7-pisos-a-cerdanya\/","og_site_name":"ROSMER RENTAL","article_modified_time":"2025-09-30T12:57:05+00:00","twitter_card":"summary_large_image","twitter_misc":{"Tiempo de lectura":"1 minuto"},"schema":{"@context":"https:\/\/schema.org","@graph":[{"@type":"WebPage","@id":"https:\/\/rosmerrental.com\/sobre-nosaltres\/7-pisos-a-cerdanya\/","url":"https:\/\/rosmerrental.com\/sobre-nosaltres\/7-pisos-a-cerdanya\/","name":"7 pisos a Cerdanya - ROSMER RENTAL","isPartOf":{"@id":"https:\/\/rosmerrental.com\/#website"},"datePublished":"2025-08-25T00:10:20+00:00","dateModified":"2025-09-30T12:57:05+00:00","breadcrumb":{"@id":"https:\/\/rosmerrental.com\/sobre-nosaltres\/7-pisos-a-cerdanya\/#breadcrumb"},"inLanguage":"es","potentialAction":[{"@type":"ReadAction","target":["https:\/\/rosmerrental.com\/sobre-nosaltres\/7-pisos-a-cerdanya\/"]}]},{"@type":"BreadcrumbList","@id":"https:\/\/rosmerrental.com\/sobre-nosaltres\/7-pisos-a-cerdanya\/#breadcrumb","itemListElement":[{"@type":"ListItem","position":1,"name":"Portada","item":"https:\/\/rosmerrental.com\/"},{"@type":"ListItem","position":2,"name":"Sobre nosaltres","item":"https:\/\/rosmerrental.com\/sobre-nosaltres\/"},{"@type":"ListItem","position":3,"name":"7 pisos a Cerdanya"}]},{"@type":"WebSite","@id":"https:\/\/rosmerrental.com\/#website","url":"https:\/\/rosmerrental.com\/","name":"ROSMER RENTAL","description":"Lloguer d\u2019apartaments a Barcelona i la Cerdanya amb ROSMER RENTAL","potentialAction":[{"@type":"SearchAction","target":{"@type":"EntryPoint","urlTemplate":"https:\/\/rosmerrental.com\/?s={search_term_string}"},"query-input":{"@type":"PropertyValueSpecification","valueRequired":true,"valueName":"search_term_string"}}],"inLanguage":"es"}]}},"_links":{"self":[{"href":"https:\/\/rosmerrental.com\/es\/wp-json\/wp\/v2\/pages\/385","targetHints":{"allow":["GET"]}}],"collection":[{"href":"https:\/\/rosmerrental.com\/es\/wp-json\/wp\/v2\/pages"}],"about":[{"href":"https:\/\/rosmerrental.com\/es\/wp-json\/wp\/v2\/types\/page"}],"author":[{"embeddable":true,"href":"https:\/\/rosmerrental.com\/es\/wp-json\/wp\/v2\/users\/1"}],"replies":[{"embeddable":true,"href":"https:\/\/rosmerrental.com\/es\/wp-json\/wp\/v2\/comments?post=385"}],"version-history":[{"count":19,"href":"https:\/\/rosmerrental.com\/es\/wp-json\/wp\/v2\/pages\/385\/revisions"}],"predecessor-version":[{"id":712,"href":"https:\/\/rosmerrental.com\/es\/wp-json\/wp\/v2\/pages\/385\/revisions\/712"}],"up":[{"embeddable":true,"href":"https:\/\/rosmerrental.com\/es\/wp-json\/wp\/v2\/pages\/375"}],"wp:attachment":[{"href":"https:\/\/rosmerrental.com\/es\/wp-json\/wp\/v2\/media?parent=385"}],"curies":[{"name":"wp","href":"https:\/\/api.w.org\/{rel}","templated":true}]}}