{"id":383,"date":"2025-08-25T02:09:35","date_gmt":"2025-08-25T00:09:35","guid":{"rendered":"https:\/\/rosmerrental.com\/?page_id=383"},"modified":"2025-10-24T18:44:33","modified_gmt":"2025-10-24T16:44:33","slug":"pisos-en-hospitalet-de-llobregat","status":"publish","type":"page","link":"https:\/\/rosmerrental.com\/es\/sobre-nosaltres\/pisos-en-hospitalet-de-llobregat\/","title":{"rendered":"Pisos en Hospitalet de Llobregat"},"content":{"rendered":"<div data-elementor-type=\"wp-page\" data-elementor-id=\"383\" class=\"elementor elementor-383\" data-elementor-post-type=\"page\">\n\t\t\t\t<div class=\"elementor-element elementor-element-3d53abd e-flex e-con-boxed e-con e-parent\" data-id=\"3d53abd\" data-element_type=\"container\" data-settings=\"{&quot;background_background&quot;:&quot;classic&quot;}\">\n\t\t\t\t\t<div class=\"e-con-inner\">\n\t\t\t\t<div class=\"elementor-element elementor-element-942d644 elementor-invisible elementor-widget elementor-widget-heading\" data-id=\"942d644\" data-element_type=\"widget\" data-settings=\"{&quot;_animation&quot;:&quot;fadeIn&quot;}\" data-widget_type=\"heading.default\">\n\t\t\t\t<div class=\"elementor-widget-container\">\n\t\t\t\t\t<h1 class=\"elementor-heading-title elementor-size-default\">Pisos en Hospitalet de Llobregat<\/h1>\t\t\t\t<\/div>\n\t\t\t\t<\/div>\n\t\t\t\t<div class=\"elementor-element elementor-element-b97a762 elementor-icon-list--layout-inline elementor-widget__width-auto elementor-list-item-link-full_width elementor-invisible elementor-widget elementor-widget-icon-list\" data-id=\"b97a762\" data-element_type=\"widget\" data-settings=\"{&quot;_animation&quot;:&quot;fadeInUp&quot;}\" data-widget_type=\"icon-list.default\">\n\t\t\t\t<div class=\"elementor-widget-container\">\n\t\t\t\t\t\t\t<ul class=\"elementor-icon-list-items elementor-inline-items\">\n\t\t\t\t\t\t\t<li class=\"elementor-icon-list-item elementor-inline-item\">\n\t\t\t\t\t\t\t\t\t\t\t<a href=\"https:\/\/rosmerrental.com\/es\/\">\n\n\t\t\t\t\t\t\t\t\t\t\t<span class=\"elementor-icon-list-text\">Inicio<\/span>\n\t\t\t\t\t\t\t\t\t\t\t<\/a>\n\t\t\t\t\t\t\t\t\t<\/li>\n\t\t\t\t\t\t\t\t<li class=\"elementor-icon-list-item elementor-inline-item\">\n\t\t\t\t\t\t\t\t\t\t\t<a href=\"https:\/\/rosmerrental.com\/es\/sobre-nosaltres\/pisos-en-hospitalet-de-llobregat\/\">\n\n\t\t\t\t\t\t\t\t\t\t\t\t<span class=\"elementor-icon-list-icon\">\n\t\t\t\t\t\t\t<svg aria-hidden=\"true\" class=\"e-font-icon-svg e-fas-angle-right\" viewbox=\"0 0 256 512\" xmlns=\"http:\/\/www.w3.org\/2000\/svg\"><path d=\"M224.3 273l-136 136c-9.4 9.4-24.6 9.4-33.9 0l-22.6-22.6c-9.4-9.4-9.4-24.6 0-33.9l96.4-96.4-96.4-96.4c-9.4-9.4-9.4-24.6 0-33.9L54.3 103c9.4-9.4 24.6-9.4 33.9 0l136 136c9.5 9.4 9.5 24.6.1 34z\"><\/path><\/svg>\t\t\t\t\t\t<\/span>\n\t\t\t\t\t\t\t\t\t\t<span class=\"elementor-icon-list-text\"><\/span>\n\t\t\t\t\t\t\t\t\t\t\t<\/a>\n\t\t\t\t\t\t\t\t\t<\/li>\n\t\t\t\t\t\t<\/ul>\n\t\t\t\t\t\t<\/div>\n\t\t\t\t<\/div>\n\t\t\t\t\t<\/div>\n\t\t\t\t<\/div>\n\t\t<div class=\"elementor-element elementor-element-8fb3708 e-flex e-con-boxed e-con e-parent\" data-id=\"8fb3708\" data-element_type=\"container\">\n\t\t\t\t\t<div class=\"e-con-inner\">\n\t\t<div class=\"elementor-element elementor-element-24108b0 e-con-full e-flex e-con e-child\" data-id=\"24108b0\" data-element_type=\"container\">\n\t\t\t\t<div class=\"elementor-element elementor-element-e8294c8 elementor-invisible elementor-widget elementor-widget-heading\" data-id=\"e8294c8\" data-element_type=\"widget\" data-settings=\"{&quot;_animation&quot;:&quot;fadeIn&quot;}\" data-widget_type=\"heading.default\">\n\t\t\t\t<div class=\"elementor-widget-container\">\n\t\t\t\t\t<h2 class=\"elementor-heading-title elementor-size-default\">Lloguer d\u2019apartaments a Barcelona amb Rosmer\n<\/h2>\t\t\t\t<\/div>\n\t\t\t\t<\/div>\n\t\t\t\t<div class=\"elementor-element elementor-element-89f2028 elementor-widget__width-initial elementor-invisible elementor-widget elementor-widget-text-editor\" data-id=\"89f2028\" data-element_type=\"widget\" data-settings=\"{&quot;_animation&quot;:&quot;fadeIn&quot;}\" data-widget_type=\"text-editor.default\">\n\t\t\t\t<div class=\"elementor-widget-container\">\n\t\t\t\t\t\t\t\t\t<p>Lloguer d\u2019apartaments a l\u2019Hospitalet amb Rosmer<br \/>Disposem d\u2019una selecci\u00f3 d\u2019apartaments exclusius situats a l\u2019Hospitalet de Llobregat, molt a prop de la Ciutat de la Just\u00edcia i del centre comercial Gran Via 2. Gaudeixen d\u2019una excel\u00b7lent comunicaci\u00f3 amb el centre de Barcelona mitjan\u00e7ant autobusos i tren, i es troben a nom\u00e9s 10 minuts de l\u2019aeroport.<br \/>Els nostres apartaments estan pensats per acollir viatgers, fam\u00edlies, treballadors i estudiants que busquen una estada temporal o de mitja durada amb totes les comoditats i flexibilitat. Compten amb mobiliari modern, electrodom\u00e8stics, connexi\u00f3 a internet i f\u00e0cil acc\u00e9s als principals serveis de la zona.<\/p><p>Troba el teu habitatge exclusiu a l\u2019Hospitalet de Llobregat<br \/>Apostem per una gesti\u00f3 directa, que et permet reservar el teu allotjament a l\u2019Hospitalet de manera senzilla i transparent, sense intermediaris i amb la millor relaci\u00f3 qualitat-preu. Tractant directament amb nosaltres, resolem qualsevol dubte amb agilitat i adaptem les condicions a cada perfil i necessitat. Busca l\u2019apartament que millor s\u2019adapta a tu i gestiona la teva reserva directament des de la web. ROSMER RENTAL fa que el lloguer d\u2019apartaments a l\u2019Hospitalet sigui f\u00e0cil, c\u00f2mode i accessible per a tothom.<\/p><p>Disposem d\u2019una selecci\u00f3 de 17 apartaments exclusius situats a diferents barris de Barcelona, pensats per acollir tant viatgers, fam\u00edlies, treballadors com estudiants que busquen una estada temporal o de mitja durada amb totes les comoditats i flexibilitat. Els nostres apartaments de lloguer compten amb mobiliari modern, electrodom\u00e8stics i connexi\u00f3 a internet, a m\u00e9s d\u2019acc\u00e9s f\u00e0cil al transport p\u00fablic i als principals serveis de la ciutat.<\/p>\t\t\t\t\t\t\t\t<\/div>\n\t\t\t\t<\/div>\n\t\t\t\t<\/div>\n\t\t<div class=\"elementor-element elementor-element-be1a8fb e-con-full e-flex elementor-invisible e-con e-child\" data-id=\"be1a8fb\" data-element_type=\"container\" data-settings=\"{&quot;background_background&quot;:&quot;classic&quot;,&quot;animation&quot;:&quot;fadeInRight&quot;}\">\n\t\t\t\t<\/div>\n\t\t\t\t\t<\/div>\n\t\t\t\t<\/div>\n\t\t<div class=\"elementor-element elementor-element-6b91776 e-flex e-con-boxed e-con e-parent\" data-id=\"6b91776\" data-element_type=\"container\" data-settings=\"{&quot;background_background&quot;:&quot;classic&quot;}\">\n\t\t\t\t\t<div class=\"e-con-inner\">\n\t\t\t\t<div class=\"elementor-element elementor-element-27fa118 elementor-invisible elementor-widget elementor-widget-heading\" data-id=\"27fa118\" data-element_type=\"widget\" data-settings=\"{&quot;_animation&quot;:&quot;fadeIn&quot;}\" data-widget_type=\"heading.default\">\n\t\t\t\t<div class=\"elementor-widget-container\">\n\t\t\t\t\t<h2 class=\"elementor-heading-title elementor-size-default\">Troba el teu habitatge exclusiu a la ciutat de Barcelona\n\n\n<\/h2>\t\t\t\t<\/div>\n\t\t\t\t<\/div>\n\t\t\t\t<div class=\"elementor-element elementor-element-0cea468 elementor-widget__width-initial elementor-widget-mobile__width-inherit elementor-invisible elementor-widget elementor-widget-text-editor\" data-id=\"0cea468\" data-element_type=\"widget\" data-settings=\"{&quot;_animation&quot;:&quot;fadeIn&quot;}\" data-widget_type=\"text-editor.default\">\n\t\t\t\t<div class=\"elementor-widget-container\">\n\t\t\t\t\t\t\t\t\t<p>Apostem per una gesti\u00f3 directa, el que et permet reservar el teu allotjament a Barcelona de forma senzilla i transparent, sense intermediaris i amb la millor relaci\u00f3 qualitat-preu. Tractant directament amb nosaltres, resolem qualsevol dubte r\u00e0pidament i adaptem les condicions a cada perfil i necessitat.<\/p><p>Busca l\u2019apartament que encaixa amb tu i gestiona la teva reserva directament des de la web. ROSMER RENTAL fa el lloguer d\u2019apartaments a Barcelona f\u00e0cil i accessible per a tothom.<\/p>\t\t\t\t\t\t\t\t<\/div>\n\t\t\t\t<\/div>\n\t\t\t\t<div class=\"elementor-element elementor-element-ec91b58 elementor-invisible elementor-widget elementor-widget-button\" data-id=\"ec91b58\" data-element_type=\"widget\" data-settings=\"{&quot;_animation&quot;:&quot;fadeInUp&quot;}\" data-widget_type=\"button.default\">\n\t\t\t\t<div class=\"elementor-widget-container\">\n\t\t\t\t\t\t\t\t\t<div class=\"elementor-button-wrapper\">\n\t\t\t\t\t<a class=\"elementor-button elementor-button-link elementor-size-sm elementor-animation-float\" href=\"https:\/\/rosmerrental.com\/es\/contacte\/\">\n\t\t\t\t\t\t<span class=\"elementor-button-content-wrapper\">\n\t\t\t\t\t\t\t\t\t<span class=\"elementor-button-text\">Contacta\u2019ns<\/span>\n\t\t\t\t\t<\/span>\n\t\t\t\t\t<\/a>\n\t\t\t\t<\/div>\n\t\t\t\t\t\t\t\t<\/div>\n\t\t\t\t<\/div>\n\t\t\t\t\t<\/div>\n\t\t\t\t<\/div>\n\t\t\t\t<\/div>","protected":false},"excerpt":{"rendered":"<p>Inici Lloguer d\u2019apartaments a Barcelona amb Rosmer Lloguer d\u2019apartaments a l\u2019Hospitalet amb RosmerDisposem d\u2019una selecci\u00f3 d\u2019apartaments exclusius situats a l\u2019Hospitalet de Llobregat, molt a prop de la Ciutat de la Just\u00edcia i del centre comercial Gran Via 2. Gaudeixen d\u2019una excel\u00b7lent comunicaci\u00f3 amb el centre de Barcelona mitjan\u00e7ant autobusos i tren, i es troben a [&hellip;]<\/p>","protected":false},"author":1,"featured_media":0,"parent":375,"menu_order":0,"comment_status":"closed","ping_status":"closed","template":"","meta":{"footnotes":""},"class_list":["post-383","page","type-page","status-publish","hentry"],"yoast_head":"<!-- This site is optimized with the Yoast SEO plugin v26.3 - https:\/\/yoast.com\/wordpress\/plugins\/seo\/ -->\n<title>Pisos en Hospitalet de Llobregat - ROSMER RENTAL<\/title>\n<meta name=\"robots\" content=\"index, follow, max-snippet:-1, max-image-preview:large, max-video-preview:-1\" \/>\n<link rel=\"canonical\" href=\"https:\/\/rosmerrental.com\/es\/sobre-nosaltres\/pisos-en-hospitalet-de-llobregat\/\" \/>\n<meta property=\"og:locale\" content=\"es_ES\" \/>\n<meta property=\"og:type\" content=\"article\" \/>\n<meta property=\"og:title\" content=\"Pisos en Hospitalet de Llobregat - ROSMER RENTAL\" \/>\n<meta property=\"og:description\" content=\"Inici Lloguer d\u2019apartaments a Barcelona amb Rosmer Lloguer d\u2019apartaments a l\u2019Hospitalet amb RosmerDisposem d\u2019una selecci\u00f3 d\u2019apartaments exclusius situats a l\u2019Hospitalet de Llobregat, molt a prop de la Ciutat de la Just\u00edcia i del centre comercial Gran Via 2. Gaudeixen d\u2019una excel\u00b7lent comunicaci\u00f3 amb el centre de Barcelona mitjan\u00e7ant autobusos i tren, i es troben a [&hellip;]\" \/>\n<meta property=\"og:url\" content=\"https:\/\/rosmerrental.com\/es\/sobre-nosaltres\/pisos-en-hospitalet-de-llobregat\/\" \/>\n<meta property=\"og:site_name\" content=\"ROSMER RENTAL\" \/>\n<meta property=\"article:modified_time\" content=\"2025-10-24T16:44:33+00:00\" \/>\n<meta name=\"twitter:card\" content=\"summary_large_image\" \/>\n<meta name=\"twitter:label1\" content=\"Tiempo de lectura\" \/>\n\t<meta name=\"twitter:data1\" content=\"2 minutos\" \/>\n<script type=\"application\/ld+json\" class=\"yoast-schema-graph\">{\"@context\":\"https:\/\/schema.org\",\"@graph\":[{\"@type\":\"WebPage\",\"@id\":\"https:\/\/rosmerrental.com\/sobre-nosaltres\/pisos-en-hospitalet-de-llobregat\/\",\"url\":\"https:\/\/rosmerrental.com\/sobre-nosaltres\/pisos-en-hospitalet-de-llobregat\/\",\"name\":\"Pisos en Hospitalet de Llobregat - ROSMER RENTAL\",\"isPartOf\":{\"@id\":\"https:\/\/rosmerrental.com\/#website\"},\"datePublished\":\"2025-08-25T00:09:35+00:00\",\"dateModified\":\"2025-10-24T16:44:33+00:00\",\"breadcrumb\":{\"@id\":\"https:\/\/rosmerrental.com\/sobre-nosaltres\/pisos-en-hospitalet-de-llobregat\/#breadcrumb\"},\"inLanguage\":\"es\",\"potentialAction\":[{\"@type\":\"ReadAction\",\"target\":[\"https:\/\/rosmerrental.com\/sobre-nosaltres\/pisos-en-hospitalet-de-llobregat\/\"]}]},{\"@type\":\"BreadcrumbList\",\"@id\":\"https:\/\/rosmerrental.com\/sobre-nosaltres\/pisos-en-hospitalet-de-llobregat\/#breadcrumb\",\"itemListElement\":[{\"@type\":\"ListItem\",\"position\":1,\"name\":\"Portada\",\"item\":\"https:\/\/rosmerrental.com\/\"},{\"@type\":\"ListItem\",\"position\":2,\"name\":\"Sobre nosaltres\",\"item\":\"https:\/\/rosmerrental.com\/sobre-nosaltres\/\"},{\"@type\":\"ListItem\",\"position\":3,\"name\":\"Pisos en Hospitalet de Llobregat\"}]},{\"@type\":\"WebSite\",\"@id\":\"https:\/\/rosmerrental.com\/#website\",\"url\":\"https:\/\/rosmerrental.com\/\",\"name\":\"ROSMER RENTAL\",\"description\":\"Lloguer d\u2019apartaments a Barcelona i la Cerdanya amb ROSMER RENTAL\",\"potentialAction\":[{\"@type\":\"SearchAction\",\"target\":{\"@type\":\"EntryPoint\",\"urlTemplate\":\"https:\/\/rosmerrental.com\/?s={search_term_string}\"},\"query-input\":{\"@type\":\"PropertyValueSpecification\",\"valueRequired\":true,\"valueName\":\"search_term_string\"}}],\"inLanguage\":\"es\"}]}<\/script>\n<!-- \/ Yoast SEO plugin. -->","yoast_head_json":{"title":"Pisos en Hospitalet de Llobregat - ROSMER RENTAL","robots":{"index":"index","follow":"follow","max-snippet":"max-snippet:-1","max-image-preview":"max-image-preview:large","max-video-preview":"max-video-preview:-1"},"canonical":"https:\/\/rosmerrental.com\/es\/sobre-nosaltres\/pisos-en-hospitalet-de-llobregat\/","og_locale":"es_ES","og_type":"article","og_title":"Pisos en Hospitalet de Llobregat - ROSMER RENTAL","og_description":"Inici Lloguer d\u2019apartaments a Barcelona amb Rosmer Lloguer d\u2019apartaments a l\u2019Hospitalet amb RosmerDisposem d\u2019una selecci\u00f3 d\u2019apartaments exclusius situats a l\u2019Hospitalet de Llobregat, molt a prop de la Ciutat de la Just\u00edcia i del centre comercial Gran Via 2. Gaudeixen d\u2019una excel\u00b7lent comunicaci\u00f3 amb el centre de Barcelona mitjan\u00e7ant autobusos i tren, i es troben a [&hellip;]","og_url":"https:\/\/rosmerrental.com\/es\/sobre-nosaltres\/pisos-en-hospitalet-de-llobregat\/","og_site_name":"ROSMER RENTAL","article_modified_time":"2025-10-24T16:44:33+00:00","twitter_card":"summary_large_image","twitter_misc":{"Tiempo de lectura":"2 minutos"},"schema":{"@context":"https:\/\/schema.org","@graph":[{"@type":"WebPage","@id":"https:\/\/rosmerrental.com\/sobre-nosaltres\/pisos-en-hospitalet-de-llobregat\/","url":"https:\/\/rosmerrental.com\/sobre-nosaltres\/pisos-en-hospitalet-de-llobregat\/","name":"Pisos en Hospitalet de Llobregat - ROSMER RENTAL","isPartOf":{"@id":"https:\/\/rosmerrental.com\/#website"},"datePublished":"2025-08-25T00:09:35+00:00","dateModified":"2025-10-24T16:44:33+00:00","breadcrumb":{"@id":"https:\/\/rosmerrental.com\/sobre-nosaltres\/pisos-en-hospitalet-de-llobregat\/#breadcrumb"},"inLanguage":"es","potentialAction":[{"@type":"ReadAction","target":["https:\/\/rosmerrental.com\/sobre-nosaltres\/pisos-en-hospitalet-de-llobregat\/"]}]},{"@type":"BreadcrumbList","@id":"https:\/\/rosmerrental.com\/sobre-nosaltres\/pisos-en-hospitalet-de-llobregat\/#breadcrumb","itemListElement":[{"@type":"ListItem","position":1,"name":"Portada","item":"https:\/\/rosmerrental.com\/"},{"@type":"ListItem","position":2,"name":"Sobre nosaltres","item":"https:\/\/rosmerrental.com\/sobre-nosaltres\/"},{"@type":"ListItem","position":3,"name":"Pisos en Hospitalet de Llobregat"}]},{"@type":"WebSite","@id":"https:\/\/rosmerrental.com\/#website","url":"https:\/\/rosmerrental.com\/","name":"ROSMER RENTAL","description":"Lloguer d\u2019apartaments a Barcelona i la Cerdanya amb ROSMER RENTAL","potentialAction":[{"@type":"SearchAction","target":{"@type":"EntryPoint","urlTemplate":"https:\/\/rosmerrental.com\/?s={search_term_string}"},"query-input":{"@type":"PropertyValueSpecification","valueRequired":true,"valueName":"search_term_string"}}],"inLanguage":"es"}]}},"_links":{"self":[{"href":"https:\/\/rosmerrental.com\/es\/wp-json\/wp\/v2\/pages\/383","targetHints":{"allow":["GET"]}}],"collection":[{"href":"https:\/\/rosmerrental.com\/es\/wp-json\/wp\/v2\/pages"}],"about":[{"href":"https:\/\/rosmerrental.com\/es\/wp-json\/wp\/v2\/types\/page"}],"author":[{"embeddable":true,"href":"https:\/\/rosmerrental.com\/es\/wp-json\/wp\/v2\/users\/1"}],"replies":[{"embeddable":true,"href":"https:\/\/rosmerrental.com\/es\/wp-json\/wp\/v2\/comments?post=383"}],"version-history":[{"count":23,"href":"https:\/\/rosmerrental.com\/es\/wp-json\/wp\/v2\/pages\/383\/revisions"}],"predecessor-version":[{"id":1071,"href":"https:\/\/rosmerrental.com\/es\/wp-json\/wp\/v2\/pages\/383\/revisions\/1071"}],"up":[{"embeddable":true,"href":"https:\/\/rosmerrental.com\/es\/wp-json\/wp\/v2\/pages\/375"}],"wp:attachment":[{"href":"https:\/\/rosmerrental.com\/es\/wp-json\/wp\/v2\/media?parent=383"}],"curies":[{"name":"wp","href":"https:\/\/api.w.org\/{rel}","templated":true}]}}